{"id":20,"date":"2019-02-20T11:53:48","date_gmt":"2019-02-20T11:53:48","guid":{"rendered":"https:\/\/tapetbari.com\/?page_id=20"},"modified":"2019-02-21T10:14:23","modified_gmt":"2019-02-21T10:14:23","slug":"mirembajtje-bari","status":"publish","type":"page","link":"https:\/\/tapetbari.com\/index.php\/mirembajtje-bari\/","title":{"rendered":"Mir\u00ebmbajtje bari"},"content":{"rendered":"<div class=\"wpb-content-wrapper\"><p>[vc_row css=&#8221;.vc_custom_1550682900373{border-right-width: 4px !important;background-color: #ffffff !important;border-right-color: #7bcd40 !important;border-right-style: solid !important;}&#8221;][vc_column][vc_custom_heading text=&#8221;Mirembajtje bari&#8221; font_container=&#8221;tag:h3|text_align:left&#8221; google_fonts=&#8221;font_family:Roboto%20Slab%3A100%2C300%2Cregular%2C700|font_style:400%20regular%3A400%3Anormal&#8221;][\/vc_column][\/vc_row][vc_row][vc_column][vc_empty_space][\/vc_column][\/vc_row][vc_row][vc_column width=&#8221;1\/2&#8243; css=&#8221;.vc_custom_1550682982191{background-color: #eaeaea !important;}&#8221;][vc_column_text]<span style=\"color: #000000;\"><strong>Kositje<\/strong><\/span><br \/>\n<span style=\"color: #000000;\">Ky proces duhet t\u00eb filloj\u00eb disa dite pas instalimit t\u00eb l\u00ebndin\u00ebs kur bari \u00ebsht\u00eb i gjat\u00eb 6-8 cm. T\u00eb java e par\u00eb, l\u00ebndina nuk duhet t\u00eb kositet p\u00ebr t\u00eb parandaluar d\u00ebmtimin e vet\u00eb. Pas k\u00ebsaj periudhe, lart\u00ebsia mund t\u00eb rregullohet n\u00eb var\u00ebsi t\u00eb llojit t\u00eb barit dhe sipas shijes tuaj.<\/span><\/p>\n<p><span style=\"color: #000000;\">Dy gabime t\u00eb zakonshme q\u00eb behen gjat\u00eb kositjes jan\u00eb:<\/span><\/p>\n<ul>\n<li><span style=\"color: #000000;\">Shum\u00eb njer\u00ebz kosisin barin e tyre shum\u00eb te shkurt\u00ebr. Kjo \u00ebsht nj\u00eb zakon i keq, i cili shkakton t\u00eb gjitha llojet e problemeve, ndryshon ngjyren e barit, rritja e tep\u00ebrt te barishteve te keqe deri te s\u00ebmundjet dhe m\u00eb probleme tharje gjat\u00eb periudhave t\u00eb that\u00ebsir\u00ebs. Pas nje konsulte me profesionistet tane te Tapet Bari Natyral, lendina juaj ka nevoje per disa jave per ta kapur prape veten.<\/span><\/li>\n<li><span style=\"color: #000000;\">Mos prisni deri sa bari nuk \u00ebsht\u00eb shum\u00eb i lart\u00eb para kositjes, sepse akti i kositjes krijon stres t\u00eb konsideruesh\u00ebm n\u00eb bar. N\u00ebse bari eshte shum\u00eb i lart\u00eb, duhet te rrisni lart\u00ebsin\u00eb e prerjes dhe kositeni m\u00eb shum\u00eb here.Kositja duhet te jete 1\/3 e lartesise te barit.<\/span><\/li>\n<\/ul>\n<p>[\/vc_column_text][\/vc_column][vc_column width=&#8221;1\/2&#8243;][vc_single_image image=&#8221;136&#8243; img_size=&#8221;full&#8221; alignment=&#8221;center&#8221; style=&#8221;vc_box_border&#8221;][\/vc_column][\/vc_row][vc_row][vc_column][vc_empty_space][\/vc_column][\/vc_row][vc_row][vc_column width=&#8221;1\/2&#8243;][vc_single_image image=&#8221;141&#8243; img_size=&#8221;full&#8221; alignment=&#8221;center&#8221; style=&#8221;vc_box_border&#8221;][\/vc_column][vc_column width=&#8221;1\/2&#8243;][vc_column_text css=&#8221;.vc_custom_1550738104331{padding-top: 10px !important;padding-right: 10px !important;padding-bottom: 10px !important;padding-left: 10px !important;background-color: #eaeaea !important;}&#8221;]<span style=\"color: #000000;\"><strong>Kur kositet bari?<\/strong><\/span><br \/>\n<span style=\"color: #000000;\">Kositeni l\u00ebndin\u00ebn tuaj kur bari \u00ebsht\u00eb i that\u00eb . Ju ndoshta do ta keni v\u00ebn\u00eb re tashm\u00eb se bari i lagur kositet keq. Kosisni l\u00ebndin\u00ebn tuaj pasdite dhe jo gjat\u00eb or\u00ebve t\u00eb nxehta t\u00eb m\u00ebngjesit ose te drekes. \u00cbsht\u00eb me t\u00eb v\u00ebrtet\u00eb stresuese p\u00ebr barin. Kjo do t\u00eb parandaloj\u00eb djegjen e gjetheve te barit te kositur, gjitasht\u00f9 jep mundesine copave t\u00eb prera te treten dhe aft\u00ebsin\u00eb p\u00ebr t\u00eb filtruar n\u00eb terren gjat\u00eb nat\u00ebs.<\/span>[\/vc_column_text][vc_column_text css=&#8221;.vc_custom_1550738112986{padding-top: 10px !important;padding-right: 10px !important;padding-bottom: 10px !important;padding-left: 10px !important;background-color: #eaeaea !important;}&#8221;]<span style=\"color: #000000;\"><strong>Drejtimi i kositjes<\/strong><\/span><br \/>\n<span style=\"color: #000000;\">Mos Kosisni gjithmone ne nje drejtim. Ndryshoni drejtimin e kositjes. Bari ka tendenc\u00eb t\u00eb rritet n\u00eb nje drejtim. P\u00ebr t\u00eb parandaluar barin tuaj qe te duket si shirita, ndryshoni drejtimin tuaj te kositj\u00ebs \u00e7do her\u00eb q\u00eb kosisni. Kjo do t\u00eb mbaj\u00eb barin tuaj t\u00eb drejt\u00eb.<\/span>[\/vc_column_text][\/vc_column][\/vc_row][vc_row][vc_column][vc_empty_space][\/vc_column][\/vc_row][vc_row][vc_column width=&#8221;1\/2&#8243; css=&#8221;.vc_custom_1550682982191{background-color: #eaeaea !important;}&#8221;][vc_column_text]<span style=\"color: #000000;\"><strong>Thikat kositese<\/strong><\/span><br \/>\n<span style=\"color: #000000;\">Mbani thikat tuaja te mprehta.Thika te mpreht\u00eb sigurojne kositje t\u00eb past\u00ebr, t\u00eb sigurt dhe efikase.Thikat kositese jo te mprehte shqyejne majat e barit, ne te cilat mund te siguroje nje pike hyrje p\u00ebr organizmat e semundjeve dhe dob\u00ebsojn\u00eb rrenjet e barit. N\u00ebse bari juaj duket i zbehte pas kositjes, apo t\u00eb kthehet kafe e kasht\u00eb n\u00eb dit\u00ebt pas, thika e kositj\u00ebs tuaj duhet te mprehet.<\/span>[\/vc_column_text][\/vc_column][vc_column width=&#8221;1\/2&#8243;][vc_single_image image=&#8221;142&#8243; img_size=&#8221;full&#8221; alignment=&#8221;center&#8221; style=&#8221;vc_box_border&#8221;][\/vc_column][\/vc_row][vc_row][vc_column][vc_empty_space][\/vc_column][\/vc_row][vc_row][vc_column width=&#8221;1\/2&#8243;][vc_single_image image=&#8221;143&#8243; img_size=&#8221;full&#8221; alignment=&#8221;center&#8221; style=&#8221;vc_box_border&#8221;][\/vc_column][vc_column width=&#8221;1\/2&#8243; css=&#8221;.vc_custom_1550683263625{background-color: #eaeaea !important;}&#8221;][vc_column_text]<strong><span style=\"color: #000000;\">Mirembajtja, keshilla<\/span><\/strong><br \/>\n<span style=\"color: #000000;\">Uitja \u00ebsht\u00eb operacioni m\u00eb i r\u00ebnd\u00ebsish\u00ebm p\u00ebr mir\u00ebmbajtjen e barit. N\u00eb m\u00ebnyr\u00eb q\u00eb nj\u00eb l\u00ebndin\u00eb t\u00eb lul\u00ebzoj\u00eb, ajo duhet t\u00eb ket\u00eb nj\u00eb rr\u00ebnj\u00eb t\u00eb fort\u00eb dhe t\u00eb fuqishme. Rr\u00ebnj\u00ebt duhet t\u00eb jene zhytur n\u00eb nj\u00eb tok\u00eb te njome dhe t\u00eb ajrosur p\u00ebr t\u2019u rritur si\u00e7 duhet. N\u00eb qoft\u00eb se , si shum\u00eb t\u00eb tjer\u00eb , q\u00eb jan\u00eb t\u00eb vendosur p\u00ebr t\u00eb mbajtur te gjelb\u00ebr barin tuaj gjat\u00eb sezonit n\u00eb rritje , eshte e nevojshme: Te Vadisni rende (shume uje) dhe rrall\u00eb. Vaditja e rende dhe rrall\u00eb lejon ujin t\u00eb dep\u00ebrtojn\u00eb p\u00ebr 10\/15 cm n\u00eb tok\u00eb dhe n\u00eb k\u00ebt\u00eb m\u00ebnyr\u00eb lejon rr\u00ebnj\u00ebt t\u00eb rriten n\u00eb m\u00ebnyr\u00eb t\u00eb sh\u00ebndetshme. Vaditja e rende dhe rrall\u00eb prodhon nj\u00eb sistem t\u00eb thell\u00eb dhe t\u00eb gjer\u00eb rr\u00ebnj\u00ebsh, e cila forcon strukturen e barit p\u00ebr t\u2019i rezistuar s\u00ebmundjeve dhe stresit. Nj\u00eb vaditje e leht\u00eb \u00ebsht\u00eb vet\u00ebm nj\u00eb p\u00ebrfitim p\u00ebr nj\u00eb bar i mbjell\u00eb nga pak koh, kur rr\u00ebnj\u00ebt jan\u00eb zhvilluar n\u00eb pjes\u00ebn e sip\u00ebrme t\u00eb tok\u00ebs . Nd\u00ebrsa kur bari ka kohe q\u00eb \u00ebsht\u00eb mbjell\u00eb, rr\u00ebnj\u00ebt jan\u00eb thell\u00eb n\u00eb tok\u00eb.<\/span>[\/vc_column_text][\/vc_column][\/vc_row][vc_row][vc_column][vc_empty_space][\/vc_column][\/vc_row][vc_row][vc_column width=&#8221;1\/2&#8243; css=&#8221;.vc_custom_1550682982191{background-color: #eaeaea !important;}&#8221;][vc_column_text]<strong><span style=\"color: #000000;\">Vaditje ne menyre te barabarte<\/span><\/strong><br \/>\n<span style=\"color: #000000;\">Bari duhet t\u00eb vaditet me uj\u00eb n\u00eb m\u00ebnyr\u00eb t\u00eb barabart\u00eb p\u00ebr t\u00eb ruajtur fuqin\u00eb e tyre dhe pamjen e tyre t\u00eb sh\u00ebndetshme. S\u00ebmundjet tek bari jan shpesh p\u00ebr shkak t\u00eb vaditjes t\u00eb pa\u2019barabart\u00eb. \u00cbsht\u00eb rregull i mir\u00eb t\u00eb kontrolloni rregullisht sistemin t\u00eb ujitjes p\u00ebr t\u00eb par\u00eb n\u00ebse ka vaditje uniforme. Rregullo kokat e sprucatoreve p\u00ebr t\u00eb shmangur zonat e that\u00eb ose shume t\u00eb lagur. Mos p\u00ebrdorni uj\u00eb t\u00eb tep\u00ebrt. Toka shume e njome mund t\u00eb shkaktoj\u00eb nje ventilim te dobet te tok\u00ebs, n\u00eb k\u00ebt\u00eb m\u00ebnyr\u00eb dob\u00ebson strukturen e barit dhe e ben at\u00eb t\u00eb prekshme p\u00ebr s\u00ebmundje dhe barna te keqe. Shum\u00eb pak uj\u00eb mund t\u00eb thaje barin. Pra , vadisni vet\u00ebm kur siperfaqja e tokes eshte thar\u00eb. Ujitni vet\u00ebm kur bari juaj ka nevoj\u00eb p\u00ebr uj\u00eb. N\u00ebse bari ka ndryshuar ngjyr\u00eb, dhe duket ngjyre Gri, duhet te vadisni Menjehere, bari ka nevoje urgjentisht per shum uje.<\/span>[\/vc_column_text][\/vc_column][vc_column width=&#8221;1\/2&#8243;][vc_single_image image=&#8221;145&#8243; img_size=&#8221;full&#8221; alignment=&#8221;center&#8221; style=&#8221;vc_box_border&#8221;][\/vc_column][\/vc_row]<\/p>\n<\/div>","protected":false},"excerpt":{"rendered":"<p>[vc_row css=&#8221;.vc_custom_1550682900373{border-right-width: 4px !important;background-color: #ffffff !important;border-right-color: #7bcd40 !important;border-right-style: solid !important;}&#8221;][vc_column][vc_custom_heading text=&#8221;Mirembajtje bari&#8221; font_container=&#8221;tag:h3|text_align:left&#8221; google_fonts=&#8221;font_family:Roboto%20Slab%3A100%2C300%2Cregular%2C700|font_style:400%20regular%3A400%3Anormal&#8221;][\/vc_column][\/vc_row][vc_row][vc_column][vc_empty_space][\/vc_column][\/vc_row][vc_row][vc_column width=&#8221;1\/2&#8243; css=&#8221;.vc_custom_1550682982191{background-color: #eaeaea !important;}&#8221;][vc_column_text]Kositje Ky proces duhet t\u00eb filloj\u00eb disa dite pas instalimit t\u00eb l\u00ebndin\u00ebs kur bari \u00ebsht\u00eb i gjat\u00eb 6-8 cm. T\u00eb java e par\u00eb, l\u00ebndina nuk duhet t\u00eb kositet p\u00ebr t\u00eb parandaluar d\u00ebmtimin e vet\u00eb. Pas k\u00ebsaj periudhe, lart\u00ebsia&hellip;<\/p>\n","protected":false},"author":2,"featured_media":0,"parent":0,"menu_order":0,"comment_status":"closed","ping_status":"closed","template":"","meta":{"footnotes":""},"class_list":["post-20","page","type-page","status-publish","hentry","description-off"],"_links":{"self":[{"href":"https:\/\/tapetbari.com\/index.php\/wp-json\/wp\/v2\/pages\/20","targetHints":{"allow":["GET"]}}],"collection":[{"href":"https:\/\/tapetbari.com\/index.php\/wp-json\/wp\/v2\/pages"}],"about":[{"href":"https:\/\/tapetbari.com\/index.php\/wp-json\/wp\/v2\/types\/page"}],"author":[{"embeddable":true,"href":"https:\/\/tapetbari.com\/index.php\/wp-json\/wp\/v2\/users\/2"}],"replies":[{"embeddable":true,"href":"https:\/\/tapetbari.com\/index.php\/wp-json\/wp\/v2\/comments?post=20"}],"version-history":[{"count":4,"href":"https:\/\/tapetbari.com\/index.php\/wp-json\/wp\/v2\/pages\/20\/revisions"}],"predecessor-version":[{"id":151,"href":"https:\/\/tapetbari.com\/index.php\/wp-json\/wp\/v2\/pages\/20\/revisions\/151"}],"wp:attachment":[{"href":"https:\/\/tapetbari.com\/index.php\/wp-json\/wp\/v2\/media?parent=20"}],"curies":[{"name":"wp","href":"https:\/\/api.w.org\/{rel}","templated":true}]}}