{"id":228,"date":"2019-02-21T10:58:32","date_gmt":"2019-02-21T10:58:32","guid":{"rendered":"https:\/\/tapetbari.com\/?page_id=228"},"modified":"2019-02-21T11:13:38","modified_gmt":"2019-02-21T11:13:38","slug":"makineri-me-qera","status":"publish","type":"page","link":"https:\/\/tapetbari.com\/index.php\/makineri-me-qera\/","title":{"rendered":"Makineri me qera"},"content":{"rendered":"<div class=\"wpb-content-wrapper\"><p>[vc_row][vc_column][vc_custom_heading text=&#8221;Makina me qera&#8221; font_container=&#8221;tag:h3|text_align:left&#8221; google_fonts=&#8221;font_family:Roboto%20Slab%3A100%2C300%2Cregular%2C700|font_style:400%20regular%3A400%3Anormal&#8221; css=&#8221;.vc_custom_1550744438965{border-right-width: 4px !important;background-color: #ffffff !important;border-right-color: #7bcd40 !important;border-right-style: solid !important;}&#8221;][\/vc_column][\/vc_row][vc_row][vc_column][vc_column_text]<\/p>\n<p style=\"text-align: justify;\"><span style=\"color: #000000;\">Qeraja \u00ebsht\u00eb nj\u00eb formul\u00eb shum\u00eb e r\u00ebnd\u00ebsishme sepse ju lejon qe t\u00eb p\u00ebrdorni nje pajisje profesionale, te punoni n\u00eb siguri t\u00eb plot\u00eb dhe me kosto absolutisht t\u00eb p\u00ebrballueshme.<\/span><\/p>\n<p>[\/vc_column_text][\/vc_column][\/vc_row][vc_row][vc_column width=&#8221;1\/3&#8243;][vc_single_image image=&#8221;232&#8243; img_size=&#8221;700X450&#8243; alignment=&#8221;center&#8221;][vc_custom_heading text=&#8221;RIGJENERATRICE PER STADIUM<br \/>\n&#8221; font_container=&#8221;tag:h4|text_align:left&#8221; google_fonts=&#8221;font_family:Roboto%20Slab%3A100%2C300%2Cregular%2C700|font_style:400%20regular%3A400%3Anormal&#8221;][vc_column_text]<\/p>\n<p style=\"text-align: justify;\"><span style=\"color: #000000;\">Per te rigjeneruar fushet sportive te demtuara. Makineria ne te njejten kohe ben carje te toka dhe ne te hedh fare bari, per nje mbirje te sigurte.<\/span><br \/>\n[\/vc_column_text][\/vc_column][vc_column width=&#8221;1\/3&#8243;][vc_single_image image=&#8221;237&#8243; img_size=&#8221;700X450&#8243; alignment=&#8221;center&#8221;][vc_custom_heading text=&#8221;MAKINA MBJELLESE<br \/>\n&#8221; font_container=&#8221;tag:h4|text_align:left&#8221; google_fonts=&#8221;font_family:Roboto%20Slab%3A100%2C300%2Cregular%2C700|font_style:400%20regular%3A400%3Anormal&#8221;][vc_column_text]<\/p>\n<p style=\"text-align: justify;\"><span style=\"color: #000000;\">Makineria kryen 4 faze pune: nivelimi, hedhja e fares, mbulimi i fares dhe ngjeshja, t\u00eb gjitha n\u00eb nj\u00eb operacion, duke lejuar k\u00ebshtu nj\u00eb reduktim n\u00eb koh\u00eb dhe kosto.<\/span><\/p>\n<p>[\/vc_column_text][\/vc_column][vc_column width=&#8221;1\/3&#8243;][vc_single_image image=&#8221;239&#8243; img_size=&#8221;700X450&#8243; alignment=&#8221;center&#8221;][vc_custom_heading text=&#8221;KARROTATRICE<br \/>\n&#8221; font_container=&#8221;tag:h4|text_align:left&#8221; google_fonts=&#8221;font_family:Roboto%20Slab%3A100%2C300%2Cregular%2C700|font_style:400%20regular%3A400%3Anormal&#8221;][vc_column_text]<\/p>\n<p style=\"text-align: justify;\"><span style=\"color: #000000;\">Perdoret ne lendinat duke shkriftosur token e ngjeshur. P\u00ebrmir\u00ebson shk\u00ebmbimin te ajrit dhe plehut, s\u00ebbashku me ujin dep\u00ebrton m\u00eb mir\u00eb n\u00eb tok\u00eb, duke favorizuar nj\u00eb rritje m\u00eb t\u00eb thell\u00eb t\u00eb rr\u00ebnj\u00ebve.<\/span><\/p>\n<p>[\/vc_column_text][\/vc_column][\/vc_row][vc_row][vc_column][vc_empty_space][\/vc_column][\/vc_row][vc_row][vc_column width=&#8221;1\/3&#8243;][vc_single_image image=&#8221;241&#8243; img_size=&#8221;700X450&#8243; alignment=&#8221;center&#8221;][vc_custom_heading text=&#8221;BUCATRICE<br \/>\n&#8221; font_container=&#8221;tag:h4|text_align:left&#8221; google_fonts=&#8221;font_family:Roboto%20Slab%3A100%2C300%2Cregular%2C700|font_style:400%20regular%3A400%3Anormal&#8221;][vc_column_text]<\/p>\n<p style=\"text-align: justify;\"><span style=\"color: #000000;\">Perdoret ne fushat sportive per te shkriftosur token e ngjeshur duke bere vrima. P\u00ebrmir\u00ebson shk\u00ebmbimin te ajrit dhe plehut, s\u00ebbashku me ujin dep\u00ebrton m\u00eb mir\u00eb n\u00eb tok\u00eb, duke favorizuar nj\u00eb rritje m\u00eb t\u00eb thell\u00eb t\u00eb rr\u00ebnj\u00ebve.<\/span><\/p>\n<p>[\/vc_column_text][\/vc_column][vc_column width=&#8221;1\/3&#8243;][vc_single_image image=&#8221;242&#8243; img_size=&#8221;700X450&#8243; alignment=&#8221;center&#8221;][vc_custom_heading text=&#8221;SHPERNDARES RERE<br \/>\n&#8221; font_container=&#8221;tag:h4|text_align:left&#8221; google_fonts=&#8221;font_family:Roboto%20Slab%3A100%2C300%2Cregular%2C700|font_style:400%20regular%3A400%3Anormal&#8221;][vc_column_text]<\/p>\n<p style=\"text-align: justify;\"><span style=\"color: #000000;\">P\u00ebr shp\u00ebrndarjen e r\u00ebr\u00ebs ose material tjet\u00ebr t\u00eb nevojsh\u00ebm gjat\u00eb rigjenerimit. Keshilluar per siperfaq\u00eb te mesme dhe te madhe.<\/span><\/p>\n<p>[\/vc_column_text][\/vc_column][vc_column width=&#8221;1\/3&#8243;][vc_single_image image=&#8221;243&#8243; img_size=&#8221;700X450&#8243; alignment=&#8221;center&#8221;][vc_custom_heading text=&#8221;FREZE<br \/>\n&#8221; font_container=&#8221;tag:h4|text_align:left&#8221; google_fonts=&#8221;font_family:Roboto%20Slab%3A100%2C300%2Cregular%2C700|font_style:400%20regular%3A400%3Anormal&#8221;][vc_column_text]<\/p>\n<p style=\"text-align: justify;\"><span style=\"color: #000000;\">P\u00ebrdoret per te punuar token dhe p\u00ebr p\u00ebrgatitjen e shtratit per te mbjelle.<\/span><\/p>\n<p>[\/vc_column_text][\/vc_column][\/vc_row][vc_row][vc_column][vc_empty_space][\/vc_column][\/vc_row][vc_row][vc_column width=&#8221;1\/3&#8243;][vc_single_image image=&#8221;244&#8243; img_size=&#8221;700X450&#8243; alignment=&#8221;center&#8221;][vc_custom_heading text=&#8221;FARERA BARI<br \/>\n&#8221; font_container=&#8221;tag:h4|text_align:left&#8221; google_fonts=&#8221;font_family:Roboto%20Slab%3A100%2C300%2Cregular%2C700|font_style:400%20regular%3A400%3Anormal&#8221;][vc_column_text]<\/p>\n<p style=\"text-align: justify;\"><span style=\"color: #000000;\">Bari luan nj\u00eb rol t\u00eb r\u00ebnd\u00ebsish\u00ebm n\u00eb jet\u00ebn ton\u00eb t\u00eb p\u00ebrditshme: \u00ebsht\u00eb elementi kryesor i gjelberimit n\u00eb kopshtet tona, \u00ebsht\u00eb pjes\u00eb e shum\u00eb hap\u00ebsirave publike, parqeve dhe fushave sportive t\u00eb qyteteve tona. Tek ne do t\u00eb gjeni farat m\u00eb t\u00eb mira sipas ambjentit qe do te gjelberoni<\/span><\/p>\n<p>[\/vc_column_text][\/vc_column][vc_column width=&#8221;1\/3&#8243;][vc_single_image image=&#8221;245&#8243; img_size=&#8221;700X450&#8243; alignment=&#8221;center&#8221;][vc_custom_heading text=&#8221;RRUL SHPERNDARES PLEHU<br \/>\n&#8221; font_container=&#8221;tag:h4|text_align:left&#8221; google_fonts=&#8221;font_family:Roboto%20Slab%3A100%2C300%2Cregular%2C700|font_style:400%20regular%3A400%3Anormal&#8221;][vc_column_text]<\/p>\n<p style=\"text-align: justify;\"><span style=\"color: #000000;\">P\u00ebrdorimi Ideal gjat\u00eb rigjenerimit dhe p\u00ebr mbjelljen e par\u00eb, p\u00ebr shp\u00ebrndarjen e humusit dhe p\u00ebr mbulimin e far\u00ebs.<\/span><\/p>\n<p>[\/vc_column_text][\/vc_column][vc_column width=&#8221;1\/3&#8243;][vc_single_image image=&#8221;246&#8243; img_size=&#8221;700X450&#8243; alignment=&#8221;center&#8221;][vc_custom_heading text=&#8221;FREZUES TRUNGU<br \/>\n&#8221; font_container=&#8221;tag:h4|text_align:left&#8221; google_fonts=&#8221;font_family:Roboto%20Slab%3A100%2C300%2Cregular%2C700|font_style:400%20regular%3A400%3Anormal&#8221;][vc_column_text]<\/p>\n<p style=\"text-align: justify;\"><span style=\"color: #000000;\">Makineria ben qe te bluash cdo lloj trungu pa demtuar siperfaqen perqark.<\/span><\/p>\n<p>[\/vc_column_text][\/vc_column][\/vc_row][vc_row][vc_column][vc_empty_space][\/vc_column][\/vc_row][vc_row][vc_column width=&#8221;1\/4&#8243;][vc_single_image image=&#8221;247&#8243; img_size=&#8221;700X450&#8243; alignment=&#8221;center&#8221;][vc_custom_heading text=&#8221;KATENARIA HAPESE KANALESH<br \/>\n&#8221; font_container=&#8221;tag:h4|text_align:left&#8221; google_fonts=&#8221;font_family:Roboto%20Slab%3A100%2C300%2Cregular%2C700|font_style:400%20regular%3A400%3Anormal&#8221;][vc_column_text]<\/p>\n<p style=\"text-align: justify;\"><span style=\"color: #000000;\">P\u00ebr formimin e g\u00ebrmimeve ideale p\u00ebr instalimin e tubave t\u00eb ujitjes, drenazhimeve, eletrike, mbjellje luleve\/bimeve per gardhe.<\/span><\/p>\n<p>[\/vc_column_text][\/vc_column][vc_column width=&#8221;1\/4&#8243;][vc_single_image image=&#8221;249&#8243; img_size=&#8221;700X450&#8243; alignment=&#8221;center&#8221;][vc_custom_heading text=&#8221;PRERES TAPET BARI \/ HIDROSTATIKA<br \/>\n&#8221; font_container=&#8221;tag:h4|text_align:left&#8221; google_fonts=&#8221;font_family:Roboto%20Slab%3A100%2C300%2Cregular%2C700|font_style:400%20regular%3A400%3Anormal&#8221;][vc_column_text]<\/p>\n<p style=\"text-align: justify;\"><span style=\"color: #000000;\">Per te prere barin me gjithe rrenje ne forme tapeti.<\/span><\/p>\n<p>[\/vc_column_text][\/vc_column][vc_column width=&#8221;1\/4&#8243;][vc_single_image image=&#8221;250&#8243; img_size=&#8221;700X450&#8243; alignment=&#8221;center&#8221;][vc_custom_heading text=&#8221;GREDER LIVELUES me LAZER<br \/>\n&#8221; font_container=&#8221;tag:h4|text_align:left&#8221; google_fonts=&#8221;font_family:Roboto%20Slab%3A100%2C300%2Cregular%2C700|font_style:400%20regular%3A400%3Anormal&#8221;][vc_column_text]<\/p>\n<p style=\"text-align: justify;\"><span style=\"color: #000000;\">P\u00ebr t\u00eb arritur sakt\u00ebsin\u00eb maksimale t\u00eb nivelimit, si n\u00eb rastin e planeve horizontale ashtu edhe n\u00eb pjerresi te dyfishta, p\u00ebrdoren sisteme automatike t\u00eb kontrolluara me lazer. Gredi mund te perdoret per livelimin e serave, kapanoneve, fushat sportive, rruge dhe aereoporte. Na kontaktoni per te marre nje oferte.<\/span><\/p>\n<p>[\/vc_column_text][\/vc_column][vc_column width=&#8221;1\/4&#8243;][vc_single_image image=&#8221;248&#8243; img_size=&#8221;700X450&#8243; alignment=&#8221;center&#8221;][vc_custom_heading text=&#8221;MAKINE AJEROSJE \/ ARIEGGIATORE<br \/>\n&#8221; font_container=&#8221;tag:h4|text_align:left&#8221; google_fonts=&#8221;font_family:Roboto%20Slab%3A100%2C300%2Cregular%2C700|font_style:400%20regular%3A400%3Anormal&#8221;][vc_column_text]<\/p>\n<p style=\"text-align: justify;\"><span style=\"color: #000000;\">Midis tok\u00ebs dhe barit q\u00eb po rritet formohet Feltro, i cili hiqet nga kjo makineria. Heqja e k\u00ebtij elementi shqet\u00ebsues lejon q\u00eb ajri, uji dhe l\u00ebnd\u00ebt ushqyese t\u00eb kryejn\u00eb plot\u00ebsisht funksionin e tyre. N\u00eb k\u00ebt\u00eb m\u00ebnyr\u00eb bimet e barit rigjallerojne duke u b\u00ebr\u00eb m\u00eb rezistente ndaj insekteve dhe s\u00ebmundjeve.<\/span><\/p>\n<p>[\/vc_column_text][\/vc_column][\/vc_row][vc_row][vc_column][vc_empty_space][\/vc_column][\/vc_row][vc_row][vc_column width=&#8221;1\/3&#8243;][vc_column_text]<iframe loading=\"lazy\" src=\"https:\/\/www.youtube.com\/embed\/134RTqWmqko\" width=\"560\" height=\"315\" frameborder=\"0\" allowfullscreen=\"allowfullscreen\"><\/iframe>[\/vc_column_text][\/vc_column][vc_column width=&#8221;1\/3&#8243;][vc_column_text]<iframe loading=\"lazy\" src=\"https:\/\/www.youtube.com\/embed\/YuoA6CUKqd0\" width=\"560\" height=\"315\" frameborder=\"0\" allowfullscreen=\"allowfullscreen\"><\/iframe>[\/vc_column_text][\/vc_column][vc_column width=&#8221;1\/3&#8243;][vc_column_text]<iframe loading=\"lazy\" src=\"https:\/\/www.youtube.com\/embed\/4fsqDVoRHbo\" width=\"560\" height=\"315\" frameborder=\"0\" allowfullscreen=\"allowfullscreen\"><\/iframe>[\/vc_column_text][\/vc_column][\/vc_row]<\/p>\n<\/div>","protected":false},"excerpt":{"rendered":"<p>[vc_row][vc_column][vc_custom_heading text=&#8221;Makina me qera&#8221; font_container=&#8221;tag:h3|text_align:left&#8221; google_fonts=&#8221;font_family:Roboto%20Slab%3A100%2C300%2Cregular%2C700|font_style:400%20regular%3A400%3Anormal&#8221; css=&#8221;.vc_custom_1550744438965{border-right-width: 4px !important;background-color: #ffffff !important;border-right-color: #7bcd40 !important;border-right-style: solid !important;}&#8221;][\/vc_column][\/vc_row][vc_row][vc_column][vc_column_text] Qeraja \u00ebsht\u00eb nj\u00eb formul\u00eb shum\u00eb e r\u00ebnd\u00ebsishme sepse ju lejon qe t\u00eb p\u00ebrdorni nje pajisje profesionale, te punoni n\u00eb siguri t\u00eb plot\u00eb dhe me kosto absolutisht t\u00eb p\u00ebrballueshme. [\/vc_column_text][\/vc_column][\/vc_row][vc_row][vc_column width=&#8221;1\/3&#8243;][vc_single_image image=&#8221;232&#8243; img_size=&#8221;700X450&#8243; alignment=&#8221;center&#8221;][vc_custom_heading text=&#8221;RIGJENERATRICE PER STADIUM &#8221; font_container=&#8221;tag:h4|text_align:left&#8221; google_fonts=&#8221;font_family:Roboto%20Slab%3A100%2C300%2Cregular%2C700|font_style:400%20regular%3A400%3Anormal&#8221;][vc_column_text] Per&hellip;<\/p>\n","protected":false},"author":2,"featured_media":0,"parent":0,"menu_order":0,"comment_status":"closed","ping_status":"closed","template":"","meta":{"footnotes":""},"class_list":["post-228","page","type-page","status-publish","hentry","description-off"],"_links":{"self":[{"href":"https:\/\/tapetbari.com\/index.php\/wp-json\/wp\/v2\/pages\/228","targetHints":{"allow":["GET"]}}],"collection":[{"href":"https:\/\/tapetbari.com\/index.php\/wp-json\/wp\/v2\/pages"}],"about":[{"href":"https:\/\/tapetbari.com\/index.php\/wp-json\/wp\/v2\/types\/page"}],"author":[{"embeddable":true,"href":"https:\/\/tapetbari.com\/index.php\/wp-json\/wp\/v2\/users\/2"}],"replies":[{"embeddable":true,"href":"https:\/\/tapetbari.com\/index.php\/wp-json\/wp\/v2\/comments?post=228"}],"version-history":[{"count":14,"href":"https:\/\/tapetbari.com\/index.php\/wp-json\/wp\/v2\/pages\/228\/revisions"}],"predecessor-version":[{"id":256,"href":"https:\/\/tapetbari.com\/index.php\/wp-json\/wp\/v2\/pages\/228\/revisions\/256"}],"wp:attachment":[{"href":"https:\/\/tapetbari.com\/index.php\/wp-json\/wp\/v2\/media?parent=228"}],"curies":[{"name":"wp","href":"https:\/\/api.w.org\/{rel}","templated":true}]}}