{"id":59,"date":"2019-02-20T15:39:38","date_gmt":"2019-02-20T15:39:38","guid":{"rendered":"https:\/\/tapetbari.com\/?page_id=59"},"modified":"2019-02-20T17:16:03","modified_gmt":"2019-02-20T17:16:03","slug":"shtrimi-i-tapetit","status":"publish","type":"page","link":"https:\/\/tapetbari.com\/index.php\/shtrimi-i-tapetit\/","title":{"rendered":"Shtrimi i Tapetit"},"content":{"rendered":"<div class=\"wpb-content-wrapper\"><p>[vc_row][vc_column][vc_column_text css=&#8221;.vc_custom_1550681284886{border-top-width: 0px !important;border-right-width: 5px !important;border-bottom-width: 0px !important;border-left-width: 0px !important;border-left-color: #83c331 !important;border-left-style: solid !important;border-right-color: #83c331 !important;border-right-style: solid !important;border-top-color: #83c331 !important;border-top-style: solid !important;border-bottom-color: #83c331 !important;border-bottom-style: solid !important;}&#8221;]<\/p>\n<h3>Shtrimi i Tapetit<\/h3>\n<p>[\/vc_column_text][\/vc_column][\/vc_row][vc_row][vc_column width=&#8221;1\/2&#8243;][vc_column_text css=&#8221;.vc_custom_1550681248429{border-right-width: 5px !important;padding-right: 8px !important;border-right-color: #7bcd40 !important;border-right-style: solid !important;}&#8221;]<\/p>\n<p style=\"text-align: justify;\">Shtrimi i tapetit b\u00ebhet duke e shtrir\u00eb at\u00eb nga nj\u00eb cep i kopshtit mbi nj\u00eb sip\u00ebrfaqe t\u00eb niveluar dhe duke shkuar gradualisht drejt bashkimit t\u00eb pjes\u00ebve ,si mund te veprohej me tullat e nj\u00eb muri.<br \/>\nPas shtrimit \u00ebsht\u00eb shum\u00eb e r\u00ebnd\u00ebsishme q\u00eb ta lagni shum\u00eb mir\u00eb barin dhe ta lini dy jav\u00eb pa shkelur,n\u00eb m\u00ebnyr\u00eb q\u00eb t\u00eb z\u00ebr\u00eb rr\u00ebnj\u00eb sa m\u00eb mir\u00eb. Pas k\u00ebsaj, mund t\u00eb filloni ta trajtoni si nj\u00eb l\u00ebndin\u00eb t\u00eb v\u00ebrtet\u00eb!<\/p>\n<p>[\/vc_column_text][\/vc_column][vc_column width=&#8221;1\/2&#8243;][vc_single_image image=&#8221;67&#8243; img_size=&#8221;full&#8221; alignment=&#8221;center&#8221; image_hovers=&#8221;false&#8221;][\/vc_column][\/vc_row][vc_row][vc_column][vc_empty_space height=&#8221;45px&#8221;][\/vc_column][\/vc_row][vc_row css=&#8221;.vc_custom_1550680773196{border-right-width: 5px !important;border-right-color: #7bcd40 !important;}&#8221;][vc_column width=&#8221;1\/2&#8243;][vc_row_inner][vc_column_inner width=&#8221;1\/2&#8243;][vc_single_image image=&#8221;71&#8243; img_size=&#8221;full&#8221; alignment=&#8221;center&#8221;][vc_empty_space height=&#8221;37px&#8221;][vc_single_image image=&#8221;72&#8243; img_size=&#8221;full&#8221; alignment=&#8221;center&#8221;][\/vc_column_inner][vc_column_inner width=&#8221;1\/2&#8243;][vc_single_image image=&#8221;70&#8243; img_size=&#8221;full&#8221; alignment=&#8221;center&#8221;][vc_empty_space height=&#8221;37px&#8221;][vc_single_image image=&#8221;69&#8243; img_size=&#8221;full&#8221; alignment=&#8221;center&#8221;][\/vc_column_inner][\/vc_row_inner][\/vc_column][vc_column width=&#8221;1\/2&#8243; css=&#8221;.vc_custom_1550681108519{padding-left: -60px !important;}&#8221;][vc_column_text css=&#8221;.vc_custom_1550681222389{border-right-width: 5px !important;padding-right: 8px !important;border-right-color: #7bcd40 !important;border-right-style: solid !important;}&#8221;]<\/p>\n<p style=\"text-align: justify;\">N\u00eb pes\u00eb hapa , ja si t\u00eb vendosim nj\u00eb tapet te persosur:<\/p>\n<p style=\"text-align: justify;\"><strong>Hapi 1:\u00a0<\/strong>P\u00ebr t\u00eb parandaluar parregullsit\u00eb dhe gunga n\u00eb terren , perpara punojeni dhe pastaj livelojeni me kreher.<\/p>\n<p style=\"text-align: justify;\"><strong>Hapi 2:\u00a0<\/strong>Ju mund t\u00eb pleherosni. Pastaj punojeni dhe livelojeni prape.<\/p>\n<p style=\"text-align: justify;\"><strong>Hapi 3:\u00a0<\/strong>Shtrini tapetin duke filluar nga nj\u00eb cep t\u00eb kopshtit.\u00a0Pasi t\u00eb keni shtruar tapetin dhe t\u00eb keni mbuluar hapesiren e kopshtit, \u00ebsht\u00eb e nevojshme t\u00eb shtypni me rrul. Vaditeni rregullisht dhe bujarisht n\u00eb m\u00ebnyr\u00eb q\u00eb bari te lidhet mire me token.<\/p>\n<p style=\"text-align: justify;\"><strong>Hapi 4:<\/strong>\u00a0Pas dy ose tre jav\u00eb, rr\u00ebnj\u00ebt e barit do t\u00eb jene lidhur m\u00eb tok\u00ebn. Nga ky moment rralloni vaditjet, rr\u00ebnj\u00ebt do lidhen mir\u00eb me token.\u00a0N\u00eb var\u00ebsi t\u00eb koh\u00ebs t\u00eb vitit, tani \u00ebsht\u00eb e mundur kositja e barit pas nj\u00eb jave. P\u00ebrdorni nj\u00eb makin\u00eb t\u00eb vendosur n\u00eb lart\u00ebsin\u00eb e duhur (1\/3 gjatesise se barit) dhe me thike t\u00eb mpreht\u00eb.<\/p>\n<p style=\"text-align: justify;\"><strong>Hapi 5:<\/strong>\u00a0Duke l\u00ebn\u00eb barin te rritet gjat\u00eb muajit t\u00eb par\u00eb tapeti \u00ebsht\u00eb gati p\u00ebr p\u00ebrdorim.<\/p>\n<p>[\/vc_column_text][\/vc_column][\/vc_row]<\/p>\n<\/div>","protected":false},"excerpt":{"rendered":"<p>[vc_row][vc_column][vc_column_text css=&#8221;.vc_custom_1550681284886{border-top-width: 0px !important;border-right-width: 5px !important;border-bottom-width: 0px !important;border-left-width: 0px !important;border-left-color: #83c331 !important;border-left-style: solid !important;border-right-color: #83c331 !important;border-right-style: solid !important;border-top-color: #83c331 !important;border-top-style: solid !important;border-bottom-color: #83c331 !important;border-bottom-style: solid !important;}&#8221;] Shtrimi i Tapetit [\/vc_column_text][\/vc_column][\/vc_row][vc_row][vc_column width=&#8221;1\/2&#8243;][vc_column_text css=&#8221;.vc_custom_1550681248429{border-right-width: 5px !important;padding-right: 8px !important;border-right-color: #7bcd40 !important;border-right-style: solid !important;}&#8221;] Shtrimi i tapetit b\u00ebhet duke e shtrir\u00eb at\u00eb nga nj\u00eb cep i kopshtit mbi nj\u00eb&hellip;<\/p>\n","protected":false},"author":2,"featured_media":0,"parent":0,"menu_order":0,"comment_status":"closed","ping_status":"closed","template":"","meta":{"footnotes":""},"class_list":["post-59","page","type-page","status-publish","hentry","description-off"],"_links":{"self":[{"href":"https:\/\/tapetbari.com\/index.php\/wp-json\/wp\/v2\/pages\/59","targetHints":{"allow":["GET"]}}],"collection":[{"href":"https:\/\/tapetbari.com\/index.php\/wp-json\/wp\/v2\/pages"}],"about":[{"href":"https:\/\/tapetbari.com\/index.php\/wp-json\/wp\/v2\/types\/page"}],"author":[{"embeddable":true,"href":"https:\/\/tapetbari.com\/index.php\/wp-json\/wp\/v2\/users\/2"}],"replies":[{"embeddable":true,"href":"https:\/\/tapetbari.com\/index.php\/wp-json\/wp\/v2\/comments?post=59"}],"version-history":[{"count":7,"href":"https:\/\/tapetbari.com\/index.php\/wp-json\/wp\/v2\/pages\/59\/revisions"}],"predecessor-version":[{"id":135,"href":"https:\/\/tapetbari.com\/index.php\/wp-json\/wp\/v2\/pages\/59\/revisions\/135"}],"wp:attachment":[{"href":"https:\/\/tapetbari.com\/index.php\/wp-json\/wp\/v2\/media?parent=59"}],"curies":[{"name":"wp","href":"https:\/\/api.w.org\/{rel}","templated":true}]}}