{"id":7,"date":"2019-02-20T10:53:42","date_gmt":"2019-02-20T10:53:42","guid":{"rendered":"https:\/\/tapetbari.com\/?page_id=7"},"modified":"2019-02-21T09:07:33","modified_gmt":"2019-02-21T09:07:33","slug":"home","status":"publish","type":"page","link":"https:\/\/tapetbari.com\/","title":{"rendered":"Home"},"content":{"rendered":"<div class=\"wpb-content-wrapper\"><p>[vc_row][vc_column width=&#8221;1\/6&#8243;][vc_empty_space height=&#8221;12px&#8221;][vc_separator][\/vc_column][vc_column width=&#8221;2\/3&#8243;][vc_custom_heading text=&#8221;Tapet Bari eshte krijuar ne 2010 nga Vellezerit Shehi.&#8221; font_container=&#8221;tag:h3|text_align:center|color:%23007001&#8243; google_fonts=&#8221;font_family:Roboto%20Slab%3A100%2C300%2Cregular%2C700|font_style:400%20regular%3A400%3Anormal&#8221; css=&#8221;.vc_custom_1550680779655{padding-top: 5px !important;padding-right: 5px !important;padding-bottom: 5px !important;padding-left: 5px !important;background-color: #7bcd40 !important;}&#8221;][\/vc_column][vc_column width=&#8221;1\/6&#8243;][vc_empty_space height=&#8221;12px&#8221;][vc_separator][\/vc_column][\/vc_row][vc_row][vc_column][vc_empty_space][\/vc_column][\/vc_row][vc_row][vc_column width=&#8221;1\/2&#8243; el_class=&#8221;white&#8221; css=&#8221;.vc_custom_1550680928910{background-color: #ffffff !important;}&#8221;][vc_column_text]<\/p>\n<p style=\"text-align: left;\"><strong>Vlera e Barit<\/strong><\/p>\n<p style=\"text-align: justify; font-size: 12px;\">Padiskutim\u00a0q\u00eb bari luan nj\u00eb rol qendror dhe emocional \u00a0n\u00eb panoramen globale.\u00a0Kjo na jep\u00a0 nj\u00eb ndjenj\u00eb t\u00eb mir\u00ebpritur, hap\u00ebsir\u00eb \u200b\u200be gjelb\u00ebr p\u00ebr f\u00ebmij\u00ebt, vend p\u00ebr gatim dhe t\u00eb hahet ne hapesire te gjelber e shum\u00eb aktivitete t\u00eb tjera n\u00eb aj\u00ebr t\u00eb hapur, dhe nj\u00eb vler\u00eb t\u00eb lart\u00eb estetike ambjentit.\u00a0Bari gjithashtu kontribuon n\u00eb nj\u00eb p\u00ebrfitim t\u00eb konsideruesh\u00ebm mjedisor. Parandalon erozionin, filtron ajrin dhe prodhon nj\u00eb freski natyrore n\u00eb ver\u00eb.\u00a0Metodat e nevojshme te instalimit t\u00eb barit te gatshem mund t\u00eb na japin nj\u00eb l\u00ebndin\u00eb t\u00eb bukur q\u00eb mund t\u00eb zgjase me kalimin e kohes.<\/p>\n<p>[\/vc_column_text][\/vc_column][vc_column width=&#8221;1\/2&#8243;][vc_single_image image=&#8221;37&#8243; img_size=&#8221;full&#8221; css_animation=&#8221;zoomIn&#8221; image_hovers=&#8221;false&#8221;][\/vc_column][\/vc_row][vc_row][vc_column][vc_empty_space][\/vc_column][\/vc_row][vc_row][vc_column width=&#8221;1\/2&#8243;][vc_single_image image=&#8221;34&#8243; img_size=&#8221;full&#8221; css_animation=&#8221;zoomIn&#8221; image_hovers=&#8221;false&#8221;][\/vc_column][vc_column width=&#8221;1\/2&#8243; css=&#8221;.vc_custom_1550681094363{background-color: #ffffff !important;}&#8221;][vc_column_text]<strong>Bari perfekt ekziston<\/strong><\/p>\n<p style=\"text-align: justify; font-size: 12px;\">P\u00ebr t\u00eb arritur dhe per t\u00eb mirmbajtur nj\u00eb l\u00ebndin\u00eb t\u00eb p\u00ebrsosur ne ju ofrojm\u00eb :<\/p>\n<ul>\n<li>Furnizim me tapet bari natyral te nje cil\u00ebsie t\u00eb lart\u00eb.<\/li>\n<\/ul>\n<ul>\n<li>Trajtimi i tok\u00ebs dhe shtrimi.<\/li>\n<\/ul>\n<ul>\n<li>Projektim dhe instalim t\u00eb sistemit vaditjes manuale dhe\/ose automatik.<\/li>\n<\/ul>\n<p>[\/vc_column_text][\/vc_column][\/vc_row][vc_row][vc_column][vc_empty_space][\/vc_column][\/vc_row][vc_row][vc_column width=&#8221;1\/3&#8243;][vc_empty_space height=&#8221;12px&#8221;][vc_separator][\/vc_column][vc_column width=&#8221;1\/3&#8243;][vc_custom_heading text=&#8221;Ju mirpresim&#8221; font_container=&#8221;tag:h3|text_align:center|color:%23007001&#8243; google_fonts=&#8221;font_family:Roboto%20Slab%3A100%2C300%2Cregular%2C700|font_style:400%20regular%3A400%3Anormal&#8221; css=&#8221;.vc_custom_1550681138302{padding-top: 5px !important;padding-right: 5px !important;padding-bottom: 5px !important;padding-left: 5px !important;background-color: #7bcd40 !important;}&#8221;][\/vc_column][vc_column width=&#8221;1\/3&#8243;][vc_empty_space height=&#8221;12px&#8221;][vc_separator][\/vc_column][\/vc_row][vc_row][vc_column][vc_empty_space][vc_column_text]<\/p>\n<h2 style=\"text-align: center;\">Produktet<\/h2>\n<p>[\/vc_column_text][\/vc_column][\/vc_row][vc_row gap=&#8221;15&#8243;][vc_column width=&#8221;1\/4&#8243; css=&#8221;.vc_custom_1550681223133{background-color: #ffffff !important;}&#8221;][vc_column_text el_class=&#8221;divider&#8221;]<\/p>\n<h4 style=\"text-align: center;\">Tapet Bari<\/h4>\n<p>[\/vc_column_text][vc_separator color=&#8221;green&#8221; el_width=&#8221;60&#8243; css=&#8221;.vc_custom_1550675525249{margin-top: -15px !important;}&#8221;][vc_single_image image=&#8221;51&#8243; img_size=&#8221;full&#8221; alignment=&#8221;center&#8221; image_hovers=&#8221;false&#8221;][\/vc_column][vc_column width=&#8221;1\/4&#8243; css=&#8221;.vc_custom_1550681266501{background-color: #ffffff !important;}&#8221;][vc_column_text el_class=&#8221;divider&#8221;]<\/p>\n<h4 style=\"text-align: center;\">Shtrim Tapeti<\/h4>\n<h4 style=\"text-align: center;\"><\/h4>\n<p>[\/vc_column_text][vc_separator color=&#8221;green&#8221; el_width=&#8221;60&#8243; css=&#8221;.vc_custom_1550675525249{margin-top: -15px !important;}&#8221;][vc_single_image image=&#8221;52&#8243; img_size=&#8221;full&#8221; alignment=&#8221;center&#8221; image_hovers=&#8221;false&#8221;][\/vc_column][vc_column width=&#8221;1\/4&#8243; css=&#8221;.vc_custom_1550681272525{background-color: #ffffff !important;}&#8221;][vc_column_text el_class=&#8221;divider&#8221;]<\/p>\n<h4 style=\"text-align: center;\">Mbjellja e Barit<\/h4>\n<h4 style=\"text-align: center;\"><\/h4>\n<p>[\/vc_column_text][vc_separator color=&#8221;green&#8221; el_width=&#8221;60&#8243; css=&#8221;.vc_custom_1550675525249{margin-top: -15px !important;}&#8221;][vc_single_image image=&#8221;53&#8243; img_size=&#8221;full&#8221; alignment=&#8221;center&#8221; image_hovers=&#8221;false&#8221;][\/vc_column][vc_column width=&#8221;1\/4&#8243; css=&#8221;.vc_custom_1550681279277{background-color: #ffffff !important;}&#8221;][vc_column_text el_class=&#8221;divider&#8221;]<\/p>\n<h4 style=\"text-align: center;\">K\u00ebshilla<\/h4>\n<p>[\/vc_column_text][vc_separator color=&#8221;green&#8221; el_width=&#8221;60&#8243; css=&#8221;.vc_custom_1550675525249{margin-top: -15px !important;}&#8221;][vc_single_image image=&#8221;54&#8243; img_size=&#8221;full&#8221; alignment=&#8221;center&#8221; image_hovers=&#8221;false&#8221;][\/vc_column][\/vc_row][vc_row bg_type=&#8221;image&#8221; parallax_style=&#8221;vcpb-vz-jquery&#8221; bg_image_new=&#8221;id^57|url^https:\/\/tapetbari.com\/wp-content\/uploads\/2019\/02\/slider11-1.jpg|caption^null|alt^null|title^slider11|description^null&#8221; parallax_content=&#8221;parallax_content_value&#8221; parallax_content_sense=&#8221;30&#8243;][vc_column][vc_empty_space height=&#8221;100px&#8221;][vc_row_inner][vc_column_inner width=&#8221;3\/4&#8243;][vc_column_text el_class=&#8221;shadow&#8221;]<\/p>\n<h2 style=\"color: white;\">Na kontaktoni p\u00ebr m\u00eb shum\u00eb informacion!<\/h2>\n<p>[\/vc_column_text][\/vc_column_inner][vc_column_inner width=&#8221;1\/4&#8243;][vc_btn title=&#8221;Kontakto!&#8221; color=&#8221;success&#8221; i_icon_fontawesome=&#8221;fa fa-envelope-o&#8221; css_animation=&#8221;none&#8221; add_icon=&#8221;true&#8221; smooth_scroll=&#8221;true&#8221; link=&#8221;url:https%3A%2F%2Fnew.tapetbari.com%2Findex.php%2Fkontakto%2F|||&#8221;][\/vc_column_inner][\/vc_row_inner][vc_empty_space height=&#8221;100px&#8221;][\/vc_column][\/vc_row]<\/p>\n<\/div>","protected":false},"excerpt":{"rendered":"<p>[vc_row][vc_column width=&#8221;1\/6&#8243;][vc_empty_space height=&#8221;12px&#8221;][vc_separator][\/vc_column][vc_column width=&#8221;2\/3&#8243;][vc_custom_heading text=&#8221;Tapet Bari eshte krijuar ne 2010 nga Vellezerit Shehi.&#8221; font_container=&#8221;tag:h3|text_align:center|color:%23007001&#8243; google_fonts=&#8221;font_family:Roboto%20Slab%3A100%2C300%2Cregular%2C700|font_style:400%20regular%3A400%3Anormal&#8221; css=&#8221;.vc_custom_1550680779655{padding-top: 5px !important;padding-right: 5px !important;padding-bottom: 5px !important;padding-left: 5px !important;background-color: #7bcd40 !important;}&#8221;][\/vc_column][vc_column width=&#8221;1\/6&#8243;][vc_empty_space height=&#8221;12px&#8221;][vc_separator][\/vc_column][\/vc_row][vc_row][vc_column][vc_empty_space][\/vc_column][\/vc_row][vc_row][vc_column width=&#8221;1\/2&#8243; el_class=&#8221;white&#8221; css=&#8221;.vc_custom_1550680928910{background-color: #ffffff !important;}&#8221;][vc_column_text] Vlera e Barit Padiskutim\u00a0q\u00eb bari luan nj\u00eb rol qendror dhe emocional \u00a0n\u00eb panoramen globale.\u00a0Kjo na jep\u00a0 nj\u00eb ndjenj\u00eb t\u00eb mir\u00ebpritur, hap\u00ebsir\u00eb \u200b\u200be&hellip;<\/p>\n","protected":false},"author":2,"featured_media":0,"parent":0,"menu_order":0,"comment_status":"closed","ping_status":"closed","template":"","meta":{"footnotes":""},"class_list":["post-7","page","type-page","status-publish","hentry","description-off"],"_links":{"self":[{"href":"https:\/\/tapetbari.com\/index.php\/wp-json\/wp\/v2\/pages\/7","targetHints":{"allow":["GET"]}}],"collection":[{"href":"https:\/\/tapetbari.com\/index.php\/wp-json\/wp\/v2\/pages"}],"about":[{"href":"https:\/\/tapetbari.com\/index.php\/wp-json\/wp\/v2\/types\/page"}],"author":[{"embeddable":true,"href":"https:\/\/tapetbari.com\/index.php\/wp-json\/wp\/v2\/users\/2"}],"replies":[{"embeddable":true,"href":"https:\/\/tapetbari.com\/index.php\/wp-json\/wp\/v2\/comments?post=7"}],"version-history":[{"count":13,"href":"https:\/\/tapetbari.com\/index.php\/wp-json\/wp\/v2\/pages\/7\/revisions"}],"predecessor-version":[{"id":88,"href":"https:\/\/tapetbari.com\/index.php\/wp-json\/wp\/v2\/pages\/7\/revisions\/88"}],"wp:attachment":[{"href":"https:\/\/tapetbari.com\/index.php\/wp-json\/wp\/v2\/media?parent=7"}],"curies":[{"name":"wp","href":"https:\/\/api.w.org\/{rel}","templated":true}]}}