{"id":90,"date":"2019-02-21T09:36:34","date_gmt":"2019-02-21T09:36:34","guid":{"rendered":"https:\/\/tapetbari.com\/?page_id=90"},"modified":"2019-02-21T09:36:34","modified_gmt":"2019-02-21T09:36:34","slug":"tapet-bari","status":"publish","type":"page","link":"https:\/\/tapetbari.com\/index.php\/tapet-bari\/","title":{"rendered":"Tapet Bari"},"content":{"rendered":"<div class=\"wpb-content-wrapper\"><p>[vc_row][vc_column][vc_custom_heading text=&#8221;Tapet bari&#8221; font_container=&#8221;tag:h3|text_align:left&#8221; google_fonts=&#8221;font_family:Roboto%20Slab%3A100%2C300%2Cregular%2C700|font_style:400%20regular%3A400%3Anormal&#8221; css=&#8221;.vc_custom_1550738903936{border-right-width: 4px !important;padding-top: 3px !important;padding-bottom: 3px !important;padding-left: 3px !important;background-color: #ffffff !important;border-right-color: #7bcd40 !important;border-right-style: solid !important;}&#8221;][\/vc_column][\/vc_row][vc_row][vc_column][vc_empty_space][\/vc_column][\/vc_row][vc_row][vc_column width=&#8221;1\/2&#8243;][vc_column_text css=&#8221;.vc_custom_1550739339804{border-right-width: 4px !important;padding-right: 14px !important;border-right-color: #7bcd40 !important;border-right-style: solid !important;}&#8221;]<\/p>\n<p style=\"text-align: justify;\"><span style=\"color: #000000;\">Bari esht menjehere gati, shtrimi mund te behet ne te gjithe periudhat e vitit (me kujdes ne disa raste!).Tapeti barit kerkon me pak mirembajtje sesa mbjellja me fare, sidomos ne fazat e hershme. Bari mund te shkelet brenda 15 dite. Prandaj nuk eshte e nevojshme qe te mbroni zonen nga hyrja e kafsheave dhe femijeve. Bari nuk \u00ebsht\u00eb subjekt infektimi nga bar\u00ebrat e k\u00ebqija (si\u00e7 ndodh shpesh n\u00eb rastin e barit me mbjellje). Rezultatet jan\u00eb t\u00eb parashikueshme dhe t\u00eb garantuara. Tapeti barit \u00ebsht\u00eb i shpeshte dhe uniform\u0451.<\/span><\/p>\n<p style=\"text-align: justify;\"><span style=\"color: #000000;\">Zhvilluar nga fara t\u00eb certifikuara dhe i ushqyer nga toka pjellore, tapeti barit ton\u00eb rritet i sh\u00ebndetsh\u00ebm dhe i fort\u00eb, me nj\u00eb bukuri te tille qe duhet shikuar per ta besuar. Tapeti barit \u00ebsht\u00eb mbjell\u00eb dhe kultivuar me kujdes dhe v\u00ebmendje t\u00eb vazhdueshme p\u00ebr 12 muaj mesatarisht, e cila \u00ebsht\u00eb mbledhur n\u00eb shirita me nj\u00eb pajisje t\u00eb ve\u00e7ant\u00eb dhe rrotullis p\u00ebr lehtesuar transportin dhe shtrimin. Pllakat jan\u00eb t\u00eb prer\u00eb 1,5 cm m\u00eb posht\u00eb nivelit te tok\u00ebs dhe bari q\u00ebndron s\u00eb bashku p\u00ebrmes rrjetit t\u00eb dendur t\u00eb rr\u00ebnj\u00ebve.<\/span><\/p>\n<p>[\/vc_column_text][\/vc_column][vc_column width=&#8221;1\/2&#8243;][vc_empty_space][vc_row_inner][vc_column_inner width=&#8221;1\/2&#8243;][vc_single_image image=&#8221;168&#8243; img_size=&#8221;250X150&#8243; alignment=&#8221;center&#8221; image_hovers=&#8221;false&#8221;][\/vc_column_inner][vc_column_inner width=&#8221;1\/2&#8243;][vc_single_image image=&#8221;169&#8243; img_size=&#8221;250X150&#8243; alignment=&#8221;center&#8221; image_hovers=&#8221;false&#8221;][\/vc_column_inner][\/vc_row_inner][vc_row_inner][vc_column_inner width=&#8221;1\/2&#8243;][vc_single_image image=&#8221;170&#8243; img_size=&#8221;250X150&#8243; alignment=&#8221;center&#8221; image_hovers=&#8221;false&#8221;][\/vc_column_inner][vc_column_inner width=&#8221;1\/2&#8243;][vc_single_image image=&#8221;171&#8243; img_size=&#8221;250X150&#8243; alignment=&#8221;center&#8221; image_hovers=&#8221;false&#8221;][\/vc_column_inner][\/vc_row_inner][\/vc_column][\/vc_row][vc_row][vc_column width=&#8221;1\/2&#8243;][vc_empty_space][vc_row_inner][vc_column_inner width=&#8221;1\/2&#8243;][vc_single_image image=&#8221;177&#8243; img_size=&#8221;250X150&#8243; alignment=&#8221;center&#8221; image_hovers=&#8221;false&#8221;][\/vc_column_inner][vc_column_inner width=&#8221;1\/2&#8243;][vc_single_image image=&#8221;178&#8243; img_size=&#8221;250X150&#8243; alignment=&#8221;center&#8221; image_hovers=&#8221;false&#8221;][\/vc_column_inner][\/vc_row_inner][vc_row_inner][vc_column_inner width=&#8221;1\/2&#8243;][vc_single_image image=&#8221;179&#8243; img_size=&#8221;250X150&#8243; alignment=&#8221;center&#8221; image_hovers=&#8221;false&#8221;][\/vc_column_inner][vc_column_inner width=&#8221;1\/2&#8243;][vc_single_image image=&#8221;180&#8243; img_size=&#8221;250X150&#8243; alignment=&#8221;center&#8221; image_hovers=&#8221;false&#8221;][\/vc_column_inner][\/vc_row_inner][\/vc_column][vc_column width=&#8221;1\/2&#8243;][vc_empty_space][vc_column_text css=&#8221;.vc_custom_1550739945220{border-right-width: 4px !important;padding-right: 14px !important;border-right-color: #7bcd40 !important;border-right-style: solid !important;}&#8221;]<\/p>\n<p style=\"text-align: justify;\"><span style=\"color: #000000;\">P\u00ebrdorimi i k\u00ebtij lloji tapeti ofron disa avantazhe n\u00eb krahasim me mbjellje tradicionale me fare. Tapeti barit n\u00eb fakt nuk k\u00ebrkon kujdesin ngulmues k\u00ebrkuar nga fidan\u00eb t\u00eb rinj: t\u00eb vaditjes delikate dhe te vazhdueshme, pleherosje te ndar\u00eb, herbicide, rimbjellje n\u00eb rast t\u00eb shirave t\u00eb dendur q\u00eb l\u00ebviz fara\u2026Efekti p\u00ebrfundimtar \u00ebsht\u00eb i menj\u00ebhersh\u00ebm dhe bari i ri mund t\u00eb shkelet me leht\u00ebsi n\u00eb dy jav\u00eb. Shtrimi i tapet bari mund t\u00eb behet n\u00eb t\u00eb gjitha muajt e vitit. N\u00eb periudhat shum\u00eb t\u00eb nxehta, mos harroni se operacioni \u00ebsht\u00eb m\u00eb delikat dhe k\u00ebrkon shum\u00eb v\u00ebmendje dhe afateve kohore n\u00eb vaditje. Pregatiteni token m\u00eb par\u00eb, duke punuar at\u00eb deri n\u00eb dhjet\u00eb centimetra t\u00eb thell\u00eb, k\u00ebshtu q\u00eb ju mund t\u00eb shtroni tapetin e barit ne te njejten dit\u00eb te blerjes . N\u00eb fakt, eshte bime e gjall\u00eb, e cila mund t\u00eb vuaj\u00eb dhe mund te zverdh\u00ebt nese ndjen mb\u00ebshtjellje m\u00eb shum\u00eb se 24-48 or\u00eb (edhe m\u00eb pak n\u00eb ver\u00eb!).<\/span><\/p>\n<p>[\/vc_column_text][\/vc_column][\/vc_row][vc_row][vc_column][vc_column_text css=&#8221;.vc_custom_1550739993419{border-right-width: 4px !important;padding-right: 14px !important;border-right-color: #7bcd40 !important;border-right-style: solid !important;}&#8221;]<strong><span style=\"color: #000000;\">Ngjyra dhe cil\u00ebsi t\u00eb shk\u00eblqyera.<\/span><\/strong><\/p>\n<p style=\"text-align: justify;\"><span style=\"color: #000000;\">Ngjyr\u00eb t\u00eb thell\u00eb e gjelb\u00ebr dhe strukture te bute jan\u00eb karakteristik\u00eb te cil\u00ebsis\u00eb s\u00eb lart\u00eb t\u00eb tapet bari. Tapeti jon \u00ebsht\u00eb i prer\u00eb p\u00ebr 24 or\u00eb nga dorezimi dhe kamion\u00ebt tona udh\u00ebtojn\u00eb gjat\u00eb nat\u00ebs p\u00ebr tju siguruar qe tapeti te jete i fresk\u00ebt. Shiritat tona t\u00eb tapetit jan\u00eb t\u00eb gjith\u00eb t\u00eb nj\u00eb madh\u00ebsi uniforme dhe jane mb\u00ebshtjell\u00eb ne forme rrote p\u00ebr shkarkim dhe shtrim te leht\u00eb.<\/span><\/p>\n<p>[\/vc_column_text][\/vc_column][\/vc_row][vc_row][vc_column][vc_empty_space][\/vc_column][\/vc_row][vc_row][vc_column width=&#8221;1\/2&#8243;][vc_column_text css=&#8221;.vc_custom_1550741209114{border-right-width: 4px !important;padding-right: 14px !important;border-right-color: #7bcd40 !important;border-right-style: solid !important;}&#8221;]<\/p>\n<h3 style=\"text-align: justify;\"><strong><span style=\"color: #000000;\">Bar Natyral P\u00ebr Vila<\/span><\/strong><\/h3>\n<p style=\"text-align: justify;\"><span style=\"color: #000000;\">Ofrojm\u00eb bar natyral p\u00ebr vila. Shiritat e tapeteti t\u00eb barit natyral jan\u00eb n\u00eb madh\u00ebsi uniform\u00eb dhe t\u00eb cil\u00ebsis\u00eb s\u00eb lart\u00eb. Jepini jet\u00eb sht\u00ebpis\u00eb suaj n\u00eb ambientet e jashtme p\u00ebr t\u00eb kaluar koh\u00eb arg\u00ebtuese.<\/span><\/p>\n<p>[\/vc_column_text][\/vc_column][vc_column width=&#8221;1\/2&#8243;][vc_row_inner][vc_column_inner width=&#8221;1\/2&#8243;][vc_single_image image=&#8221;189&#8243; img_size=&#8221;250X150&#8243; alignment=&#8221;center&#8221; image_hovers=&#8221;false&#8221;][\/vc_column_inner][vc_column_inner width=&#8221;1\/2&#8243;][vc_single_image image=&#8221;190&#8243; img_size=&#8221;250X150&#8243; alignment=&#8221;center&#8221; image_hovers=&#8221;false&#8221;][\/vc_column_inner][\/vc_row_inner][vc_row_inner][vc_column_inner width=&#8221;1\/2&#8243;][vc_single_image image=&#8221;191&#8243; img_size=&#8221;250X150&#8243; alignment=&#8221;center&#8221; image_hovers=&#8221;false&#8221;][\/vc_column_inner][vc_column_inner width=&#8221;1\/2&#8243;][vc_single_image image=&#8221;192&#8243; img_size=&#8221;250X150&#8243; alignment=&#8221;center&#8221; image_hovers=&#8221;false&#8221;][\/vc_column_inner][\/vc_row_inner][\/vc_column][\/vc_row][vc_row][vc_column width=&#8221;1\/2&#8243;][vc_column_text css=&#8221;.vc_custom_1550741368305{border-right-width: 4px !important;padding-right: 14px !important;border-right-color: #7bcd40 !important;border-right-style: solid !important;}&#8221;]<\/p>\n<h3 style=\"text-align: justify;\"><strong><span style=\"color: #000000;\">Bar Natyral P\u00ebr Ambiente Publike<\/span><\/strong><\/h3>\n<p style=\"text-align: justify;\"><span style=\"color: #000000;\">Tapet Bari sjell p\u00ebr ju bar natyral p\u00ebr cdo ambient publik. Ofrojm\u00eb bar natyral p\u00ebr zona t\u00eb ndryshme publike si parqe, trotuar\u00eb, zona t\u00eb ndryshme t\u00eb bizneseve t\u00eb ndryshme. Jemi pran\u00eb jush p\u00ebr t\u00eb p\u00ebrmbushur cdo k\u00ebrkes\u00eb q\u00eb mund t\u00eb keni.<\/span><\/p>\n<p>[\/vc_column_text][\/vc_column][vc_column width=&#8221;1\/2&#8243;][vc_row_inner][vc_column_inner width=&#8221;1\/2&#8243;][vc_single_image image=&#8221;196&#8243; img_size=&#8221;250X150&#8243; alignment=&#8221;center&#8221; image_hovers=&#8221;false&#8221;][\/vc_column_inner][vc_column_inner width=&#8221;1\/2&#8243;][vc_single_image image=&#8221;197&#8243; img_size=&#8221;250X150&#8243; alignment=&#8221;center&#8221; image_hovers=&#8221;false&#8221;][\/vc_column_inner][\/vc_row_inner][vc_row_inner][vc_column_inner width=&#8221;1\/2&#8243;][vc_single_image image=&#8221;198&#8243; img_size=&#8221;250X150&#8243; alignment=&#8221;center&#8221; image_hovers=&#8221;false&#8221;][\/vc_column_inner][vc_column_inner width=&#8221;1\/2&#8243;][vc_single_image image=&#8221;199&#8243; img_size=&#8221;250X150&#8243; alignment=&#8221;center&#8221; image_hovers=&#8221;false&#8221;][\/vc_column_inner][\/vc_row_inner][\/vc_column][\/vc_row][vc_row][vc_column width=&#8221;1\/2&#8243;][vc_column_text css=&#8221;.vc_custom_1550741614649{border-right-width: 4px !important;padding-right: 14px !important;border-right-color: #7bcd40 !important;border-right-style: solid !important;}&#8221;]<\/p>\n<h3 style=\"text-align: justify;\"><strong><span style=\"color: #000000;\">Bar Natyral P\u00ebr Ambiente Sportive<\/span><\/strong><\/h3>\n<p style=\"text-align: justify;\"><span style=\"color: #000000;\">Ne ofrojm\u00eb bar natyral p\u00ebr t\u00eb gjitha ambientet sportive. Besoni n\u00eb cil\u00ebsin\u00eb e produktit ton\u00eb dhe do t\u00eb keni nj\u00eb ambient ideal p\u00ebr t\u00eb zhvilluar aktivitete t\u00eb ndryshme sportive. Me produktet tona do t\u00eb ndiheni t\u00eb sigurt\u00eb dhe t\u00eb qet\u00eb.<\/span><\/p>\n<p>[\/vc_column_text][\/vc_column][vc_column width=&#8221;1\/2&#8243;][vc_row_inner][vc_column_inner width=&#8221;1\/2&#8243;][vc_single_image image=&#8221;201&#8243; img_size=&#8221;250X150&#8243; alignment=&#8221;center&#8221; image_hovers=&#8221;false&#8221;][\/vc_column_inner][vc_column_inner width=&#8221;1\/2&#8243;][vc_single_image image=&#8221;202&#8243; img_size=&#8221;250X150&#8243; alignment=&#8221;center&#8221; image_hovers=&#8221;false&#8221;][\/vc_column_inner][\/vc_row_inner][vc_row_inner][vc_column_inner width=&#8221;1\/2&#8243;][vc_single_image image=&#8221;203&#8243; img_size=&#8221;250X150&#8243; alignment=&#8221;center&#8221; image_hovers=&#8221;false&#8221;][\/vc_column_inner][vc_column_inner width=&#8221;1\/2&#8243;][vc_single_image image=&#8221;204&#8243; img_size=&#8221;250X150&#8243; alignment=&#8221;center&#8221; image_hovers=&#8221;false&#8221;][\/vc_column_inner][\/vc_row_inner][\/vc_column][\/vc_row]<\/p>\n<\/div>","protected":false},"excerpt":{"rendered":"<p>[vc_row][vc_column][vc_custom_heading text=&#8221;Tapet bari&#8221; font_container=&#8221;tag:h3|text_align:left&#8221; google_fonts=&#8221;font_family:Roboto%20Slab%3A100%2C300%2Cregular%2C700|font_style:400%20regular%3A400%3Anormal&#8221; css=&#8221;.vc_custom_1550738903936{border-right-width: 4px !important;padding-top: 3px !important;padding-bottom: 3px !important;padding-left: 3px !important;background-color: #ffffff !important;border-right-color: #7bcd40 !important;border-right-style: solid !important;}&#8221;][\/vc_column][\/vc_row][vc_row][vc_column][vc_empty_space][\/vc_column][\/vc_row][vc_row][vc_column width=&#8221;1\/2&#8243;][vc_column_text css=&#8221;.vc_custom_1550739339804{border-right-width: 4px !important;padding-right: 14px !important;border-right-color: #7bcd40 !important;border-right-style: solid !important;}&#8221;] Bari esht menjehere gati, shtrimi mund te behet ne te gjithe periudhat e vitit (me kujdes ne disa raste!).Tapeti barit kerkon me pak mirembajtje sesa&hellip;<\/p>\n","protected":false},"author":2,"featured_media":0,"parent":0,"menu_order":0,"comment_status":"closed","ping_status":"closed","template":"","meta":{"footnotes":""},"class_list":["post-90","page","type-page","status-publish","hentry","description-off"],"_links":{"self":[{"href":"https:\/\/tapetbari.com\/index.php\/wp-json\/wp\/v2\/pages\/90","targetHints":{"allow":["GET"]}}],"collection":[{"href":"https:\/\/tapetbari.com\/index.php\/wp-json\/wp\/v2\/pages"}],"about":[{"href":"https:\/\/tapetbari.com\/index.php\/wp-json\/wp\/v2\/types\/page"}],"author":[{"embeddable":true,"href":"https:\/\/tapetbari.com\/index.php\/wp-json\/wp\/v2\/users\/2"}],"replies":[{"embeddable":true,"href":"https:\/\/tapetbari.com\/index.php\/wp-json\/wp\/v2\/comments?post=90"}],"version-history":[{"count":27,"href":"https:\/\/tapetbari.com\/index.php\/wp-json\/wp\/v2\/pages\/90\/revisions"}],"predecessor-version":[{"id":205,"href":"https:\/\/tapetbari.com\/index.php\/wp-json\/wp\/v2\/pages\/90\/revisions\/205"}],"wp:attachment":[{"href":"https:\/\/tapetbari.com\/index.php\/wp-json\/wp\/v2\/media?parent=90"}],"curies":[{"name":"wp","href":"https:\/\/api.w.org\/{rel}","templated":true}]}}